{"id":4087,"date":"2024-05-07T05:18:24","date_gmt":"2024-05-07T05:18:24","guid":{"rendered":"https:\/\/gwagsfoundation.org\/?page_id=4087"},"modified":"2026-01-15T12:26:45","modified_gmt":"2026-01-15T12:26:45","slug":"upcoming-initiatives","status":"publish","type":"page","link":"https:\/\/gwagsfoundation.org\/fr\/upcoming-initiatives\/","title":{"rendered":"Initiatives \u00e0 venir"},"content":{"rendered":"<div data-elementor-type=\"wp-page\" data-elementor-id=\"4087\" class=\"elementor elementor-4087\">\n\t\t\t\t<div class=\"elementor-element elementor-element-02e0e66 e-flex e-con-boxed e-con e-parent\" data-id=\"02e0e66\" data-element_type=\"container\" data-settings=\"{&quot;background_background&quot;:&quot;gradient&quot;}\">\n\t\t\t\t\t<div class=\"e-con-inner\">\n\t\t\t\t<div class=\"elementor-element elementor-element-62088ec elementor-widget elementor-widget-heading\" data-id=\"62088ec\" data-element_type=\"widget\" data-widget_type=\"heading.default\">\n\t\t\t\t<div class=\"elementor-widget-container\">\n\t\t\t<style>\/*! elementor - v3.21.0 - 08-05-2024 *\/\n.elementor-heading-title{padding:0;margin:0;line-height:1}.elementor-widget-heading .elementor-heading-title[class*=elementor-size-]>a{color:inherit;font-size:inherit;line-height:inherit}.elementor-widget-heading .elementor-heading-title.elementor-size-small{font-size:15px}.elementor-widget-heading .elementor-heading-title.elementor-size-medium{font-size:19px}.elementor-widget-heading .elementor-heading-title.elementor-size-large{font-size:29px}.elementor-widget-heading .elementor-heading-title.elementor-size-xl{font-size:39px}.elementor-widget-heading .elementor-heading-title.elementor-size-xxl{font-size:59px}<\/style><h2 class=\"elementor-heading-title elementor-size-default\">Initiatives \u00e0 venir<\/h2>\t\t<\/div>\n\t\t\t\t<\/div>\n\t\t\t\t\t<\/div>\n\t\t\t\t<\/div>\n\t\t<div class=\"elementor-element elementor-element-e544395 e-flex e-con-boxed e-con e-parent\" data-id=\"e544395\" data-element_type=\"container\" data-settings=\"{&quot;background_background&quot;:&quot;gradient&quot;}\">\n\t\t\t\t\t<div class=\"e-con-inner\">\n\t\t\t\t<div class=\"elementor-element elementor-element-7c193fe elementor-widget elementor-widget-heading\" data-id=\"7c193fe\" data-element_type=\"widget\" id=\"youth-sport-initiative\" data-widget_type=\"heading.default\">\n\t\t\t\t<div class=\"elementor-widget-container\">\n\t\t\t<h2 class=\"elementor-heading-title elementor-size-default\">Initiative Sportive pour La Jeunesse<\/h2>\t\t<\/div>\n\t\t\t\t<\/div>\n\t\t\t\t\t<\/div>\n\t\t\t\t<\/div>\n\t\t<div class=\"elementor-element elementor-element-ef1c662 e-flex e-con-boxed e-con e-parent\" data-id=\"ef1c662\" data-element_type=\"container\" data-settings=\"{&quot;background_background&quot;:&quot;gradient&quot;}\">\n\t\t\t\t\t<div class=\"e-con-inner\">\n\t\t<div class=\"elementor-element elementor-element-0ed7b8e e-con-full e-flex e-con e-child\" data-id=\"0ed7b8e\" data-element_type=\"container\">\n\t\t\t\t<div class=\"elementor-element elementor-element-738e578 elementor-widget elementor-widget-image\" data-id=\"738e578\" data-element_type=\"widget\" data-widget_type=\"image.default\">\n\t\t\t\t<div class=\"elementor-widget-container\">\n\t\t\t<style>\/*! elementor - v3.21.0 - 08-05-2024 *\/\n.elementor-widget-image{text-align:center}.elementor-widget-image a{display:inline-block}.elementor-widget-image a img[src$=\".svg\"]{width:48px}.elementor-widget-image img{vertical-align:middle;display:inline-block}<\/style>\t\t\t\t\t\t\t\t\t\t<img fetchpriority=\"high\" decoding=\"async\" width=\"1024\" height=\"1024\" src=\"https:\/\/gwagsfoundation.org\/wp-content\/uploads\/2025\/07\/ChatGPT-Image-Jul-27-2025-at-06_27_09-AM.png\" class=\"attachment-large size-large wp-image-5946\" alt=\"\" srcset=\"https:\/\/gwagsfoundation.org\/wp-content\/uploads\/2025\/07\/ChatGPT-Image-Jul-27-2025-at-06_27_09-AM.png 1024w, https:\/\/gwagsfoundation.org\/wp-content\/uploads\/2025\/07\/ChatGPT-Image-Jul-27-2025-at-06_27_09-AM-300x300.png 300w, https:\/\/gwagsfoundation.org\/wp-content\/uploads\/2025\/07\/ChatGPT-Image-Jul-27-2025-at-06_27_09-AM-150x150.png 150w, https:\/\/gwagsfoundation.org\/wp-content\/uploads\/2025\/07\/ChatGPT-Image-Jul-27-2025-at-06_27_09-AM-768x768.png 768w\" sizes=\"(max-width: 1024px) 100vw, 1024px\" \/>\t\t\t\t\t\t\t\t\t\t\t\t\t<\/div>\n\t\t\t\t<\/div>\n\t\t\t\t<\/div>\n\t\t<div class=\"elementor-element elementor-element-d8dcce7 e-con-full e-flex e-con e-child\" data-id=\"d8dcce7\" data-element_type=\"container\">\n\t\t\t\t<div class=\"elementor-element elementor-element-30caaf2 elementor-widget elementor-widget-text-editor\" data-id=\"30caaf2\" data-element_type=\"widget\" data-widget_type=\"text-editor.default\">\n\t\t\t\t<div class=\"elementor-widget-container\">\n\t\t\t<style>\/*! elementor - v3.21.0 - 08-05-2024 *\/\n.elementor-widget-text-editor.elementor-drop-cap-view-stacked .elementor-drop-cap{background-color:#69727d;color:#fff}.elementor-widget-text-editor.elementor-drop-cap-view-framed .elementor-drop-cap{color:#69727d;border:3px solid;background-color:transparent}.elementor-widget-text-editor:not(.elementor-drop-cap-view-default) .elementor-drop-cap{margin-top:8px}.elementor-widget-text-editor:not(.elementor-drop-cap-view-default) .elementor-drop-cap-letter{width:1em;height:1em}.elementor-widget-text-editor .elementor-drop-cap{float:left;text-align:center;line-height:1;font-size:50px}.elementor-widget-text-editor .elementor-drop-cap-letter{display:inline-block}<\/style>\t\t\t\t<p>Le bien-\u00eatre physique est tout aussi important que le soutien \u00e9motionnel et acad\u00e9mique. \u00c0 travers notre Programme Sportif, la Fondation Gwags proposera des activit\u00e9s structur\u00e9es et encadr\u00e9es comme le football, le basketball, l\u2019athl\u00e9tisme et bien d\u2019autres, afin de promouvoir la sant\u00e9, l\u2019esprit d\u2019\u00e9quipe et la confiance en soi. Ces s\u00e9ances d\u00e9velopperont la discipline, renforceront l\u2019esprit de collaboration et permettront aux enfants et aux jeunes de se sentir reconnus, valoris\u00e9s et encourag\u00e9s. Le sport est un pilier essentiel du d\u00e9veloppement global, car il renforce la sant\u00e9 physique tout en cultivant la confiance, la discipline et le travail d\u2019\u00e9quipe.<\/p>\t\t\t\t\t\t<\/div>\n\t\t\t\t<\/div>\n\t\t\t\t<\/div>\n\t\t\t\t\t<\/div>\n\t\t\t\t<\/div>\n\t\t<div class=\"elementor-element elementor-element-35230ec e-flex e-con-boxed e-con e-parent\" data-id=\"35230ec\" data-element_type=\"container\">\n\t\t\t\t\t<div class=\"e-con-inner\">\n\t\t\t\t<div class=\"elementor-element elementor-element-36aaf52 elementor-widget elementor-widget-heading\" data-id=\"36aaf52\" data-element_type=\"widget\" id=\"career-exploration-day\" data-widget_type=\"heading.default\">\n\t\t\t\t<div class=\"elementor-widget-container\">\n\t\t\t<h2 class=\"elementor-heading-title elementor-size-default\">Journ\u00e9e D\u00e9couverte des M\u00e9tiers<\/h2>\t\t<\/div>\n\t\t\t\t<\/div>\n\t\t\t\t\t<\/div>\n\t\t\t\t<\/div>\n\t\t<div class=\"elementor-element elementor-element-04a1ad6 e-flex e-con-boxed e-con e-parent\" data-id=\"04a1ad6\" data-element_type=\"container\">\n\t\t\t\t\t<div class=\"e-con-inner\">\n\t\t<div class=\"elementor-element elementor-element-2d3b30d e-con-full e-flex e-con e-child\" data-id=\"2d3b30d\" data-element_type=\"container\">\n\t\t\t\t<div class=\"elementor-element elementor-element-6f6ea4b elementor-widget elementor-widget-image\" data-id=\"6f6ea4b\" data-element_type=\"widget\" data-widget_type=\"image.default\">\n\t\t\t\t<div class=\"elementor-widget-container\">\n\t\t\t\t\t\t\t\t\t\t\t\t\t<img decoding=\"async\" width=\"1024\" height=\"1024\" src=\"https:\/\/gwagsfoundation.org\/wp-content\/uploads\/2025\/07\/ChatGPT-Image-Jul-27-2025-at-06_56_25-AM.png\" class=\"attachment-large size-large wp-image-6034\" alt=\"\" srcset=\"https:\/\/gwagsfoundation.org\/wp-content\/uploads\/2025\/07\/ChatGPT-Image-Jul-27-2025-at-06_56_25-AM.png 1024w, https:\/\/gwagsfoundation.org\/wp-content\/uploads\/2025\/07\/ChatGPT-Image-Jul-27-2025-at-06_56_25-AM-300x300.png 300w, https:\/\/gwagsfoundation.org\/wp-content\/uploads\/2025\/07\/ChatGPT-Image-Jul-27-2025-at-06_56_25-AM-150x150.png 150w, https:\/\/gwagsfoundation.org\/wp-content\/uploads\/2025\/07\/ChatGPT-Image-Jul-27-2025-at-06_56_25-AM-768x768.png 768w\" sizes=\"(max-width: 1024px) 100vw, 1024px\" \/>\t\t\t\t\t\t\t\t\t\t\t\t\t<\/div>\n\t\t\t\t<\/div>\n\t\t\t\t<\/div>\n\t\t<div class=\"elementor-element elementor-element-f352e9b e-con-full e-flex e-con e-child\" data-id=\"f352e9b\" data-element_type=\"container\">\n\t\t\t\t<div class=\"elementor-element elementor-element-67d20fa elementor-widget elementor-widget-text-editor\" data-id=\"67d20fa\" data-element_type=\"widget\" data-widget_type=\"text-editor.default\">\n\t\t\t\t<div class=\"elementor-widget-container\">\n\t\t\t\t\t\t\t<p>Dans le cadre de notre Journ\u00e9e D\u00e9couverte des M\u00e9tiers, la Fondation Gwags r\u00e9unira des \u00e9l\u00e8ves et des professionnels issus de domaines vari\u00e9s. L\u2019objectif est d\u2019\u00e9largir l\u2019horizon des jeunes participants, de nourrir leurs ambitions et de leur donner des rep\u00e8res concrets pour s\u2019orienter. Les participants d\u00e9couvriront plusieurs m\u00e9tiers et parcours, \u00e9couteront des t\u00e9moignages, et comprendront mieux quelles comp\u00e9tences et quels choix ouvrent l\u2019acc\u00e8s \u00e0 des opportunit\u00e9s. Cette initiative aidera les jeunes \u00e0 choisir une voie professionnelle avec assurance et \u00e0 mieux identifier les parcours qui m\u00e8nent \u00e0 la r\u00e9ussite.<\/p>\t\t\t\t\t\t<\/div>\n\t\t\t\t<\/div>\n\t\t\t\t<\/div>\n\t\t\t\t\t<\/div>\n\t\t\t\t<\/div>\n\t\t<div class=\"elementor-element elementor-element-792d25f e-flex e-con-boxed e-con e-parent\" data-id=\"792d25f\" data-element_type=\"container\" data-settings=\"{&quot;background_background&quot;:&quot;gradient&quot;}\">\n\t\t\t\t\t<div class=\"e-con-inner\">\n\t\t\t\t<div class=\"elementor-element elementor-element-1bc0870 elementor-widget elementor-widget-heading\" data-id=\"1bc0870\" data-element_type=\"widget\" id=\"community-health-camps\" data-widget_type=\"heading.default\">\n\t\t\t\t<div class=\"elementor-widget-container\">\n\t\t\t<h2 class=\"elementor-heading-title elementor-size-default\">Camps de Sant\u00e9 Communautaires<\/h2>\t\t<\/div>\n\t\t\t\t<\/div>\n\t\t\t\t\t<\/div>\n\t\t\t\t<\/div>\n\t\t<div class=\"elementor-element elementor-element-357de3e e-flex e-con-boxed e-con e-parent\" data-id=\"357de3e\" data-element_type=\"container\" data-settings=\"{&quot;background_background&quot;:&quot;gradient&quot;}\">\n\t\t\t\t\t<div class=\"e-con-inner\">\n\t\t<div class=\"elementor-element elementor-element-ae9dc2b e-con-full e-flex e-con e-child\" data-id=\"ae9dc2b\" data-element_type=\"container\">\n\t\t\t\t<div class=\"elementor-element elementor-element-81df95d elementor-widget elementor-widget-image\" data-id=\"81df95d\" data-element_type=\"widget\" data-widget_type=\"image.default\">\n\t\t\t\t<div class=\"elementor-widget-container\">\n\t\t\t\t\t\t\t\t\t\t\t\t\t<img decoding=\"async\" width=\"1024\" height=\"1024\" src=\"https:\/\/gwagsfoundation.org\/wp-content\/uploads\/2024\/04\/DALL\u00b7E-2024-04-30-16.18.15-Design-a-logo-for-GWAGs-Small-scale-Health-Camps.-The-logo-should-feature-a-medical-tent-and-a-first-aid-cross-to-symbolize-basic-health-services-an.webp\" class=\"attachment-large size-large wp-image-2700\" alt=\"\" srcset=\"https:\/\/gwagsfoundation.org\/wp-content\/uploads\/2024\/04\/DALL\u00b7E-2024-04-30-16.18.15-Design-a-logo-for-GWAGs-Small-scale-Health-Camps.-The-logo-should-feature-a-medical-tent-and-a-first-aid-cross-to-symbolize-basic-health-services-an.webp 1024w, https:\/\/gwagsfoundation.org\/wp-content\/uploads\/2024\/04\/DALL\u00b7E-2024-04-30-16.18.15-Design-a-logo-for-GWAGs-Small-scale-Health-Camps.-The-logo-should-feature-a-medical-tent-and-a-first-aid-cross-to-symbolize-basic-health-services-an-300x300.webp 300w, https:\/\/gwagsfoundation.org\/wp-content\/uploads\/2024\/04\/DALL\u00b7E-2024-04-30-16.18.15-Design-a-logo-for-GWAGs-Small-scale-Health-Camps.-The-logo-should-feature-a-medical-tent-and-a-first-aid-cross-to-symbolize-basic-health-services-an-150x150.webp 150w, https:\/\/gwagsfoundation.org\/wp-content\/uploads\/2024\/04\/DALL\u00b7E-2024-04-30-16.18.15-Design-a-logo-for-GWAGs-Small-scale-Health-Camps.-The-logo-should-feature-a-medical-tent-and-a-first-aid-cross-to-symbolize-basic-health-services-an-768x768.webp 768w\" sizes=\"(max-width: 1024px) 100vw, 1024px\" \/>\t\t\t\t\t\t\t\t\t\t\t\t\t<\/div>\n\t\t\t\t<\/div>\n\t\t\t\t<\/div>\n\t\t<div class=\"elementor-element elementor-element-f43b24d e-con-full e-flex e-con e-child\" data-id=\"f43b24d\" data-element_type=\"container\">\n\t\t\t\t<div class=\"elementor-element elementor-element-5e24dde elementor-widget elementor-widget-text-editor\" data-id=\"5e24dde\" data-element_type=\"widget\" data-widget_type=\"text-editor.default\">\n\t\t\t\t<div class=\"elementor-widget-container\">\n\t\t\t\t\t\t\t<p>Notre initiative de Camps de Sant\u00e9 Communautaires vise \u00e0 offrir un acc\u00e8s aux services de sant\u00e9, notamment des consultations m\u00e9dicales, de l\u2019\u00e9ducation \u00e0 l\u2019hygi\u00e8ne et des soins pr\u00e9ventifs, assur\u00e9s par des professionnels de sant\u00e9 certifi\u00e9s. En partenariat avec des cliniques et des h\u00f4pitaux locaux, ces camps contribueront \u00e0 garantir un accompagnement s\u00fbr et fiable aux enfants et aux jeunes qui, autrement, pourraient \u00eatre priv\u00e9s de soins. Nous sommes convaincus que le progr\u00e8s durable commence par le bien-\u00eatre de tout un chacun.<\/p>\t\t\t\t\t\t<\/div>\n\t\t\t\t<\/div>\n\t\t\t\t<\/div>\n\t\t\t\t\t<\/div>\n\t\t\t\t<\/div>\n\t\t\t\t<\/div>","protected":false},"excerpt":{"rendered":"<p>Upcoming Initiatives Youth Sports Initiative Physical well-being is as important as emotional and academic support. Through our Sports Program, the Gwags Foundation will offer structured activities in soccer, basketball, athletics, and more to promote health, teamwork, and confidence. These sessions will foster discipline, deepen collaboration, and ensure children and youth feel seen, valued, and empowered. [&hellip;]<\/p>","protected":false},"author":1,"featured_media":0,"parent":0,"menu_order":0,"comment_status":"closed","ping_status":"closed","template":"","meta":{"_monsterinsights_skip_tracking":false,"_monsterinsights_sitenote_active":false,"_monsterinsights_sitenote_note":"","_monsterinsights_sitenote_category":0,"site-sidebar-layout":"no-sidebar","site-content-layout":"page-builder","ast-site-content-layout":"full-width-container","site-content-style":"default","site-sidebar-style":"default","ast-global-header-display":"","ast-banner-title-visibility":"","ast-main-header-display":"","ast-hfb-above-header-display":"","ast-hfb-below-header-display":"","ast-hfb-mobile-header-display":"","site-post-title":"disabled","ast-breadcrumbs-content":"","ast-featured-img":"disabled","footer-sml-layout":"","theme-transparent-header-meta":"","adv-header-id-meta":"","stick-header-meta":"","header-above-stick-meta":"","header-main-stick-meta":"","header-below-stick-meta":"","astra-migrate-meta-layouts":"set","ast-page-background-enabled":"default","ast-page-background-meta":{"desktop":{"background-color":"","background-image":"","background-repeat":"repeat","background-position":"center center","background-size":"auto","background-attachment":"scroll","background-type":"","background-media":"","overlay-type":"","overlay-color":"","overlay-gradient":""},"tablet":{"background-color":"","background-image":"","background-repeat":"repeat","background-position":"center center","background-size":"auto","background-attachment":"scroll","background-type":"","background-media":"","overlay-type":"","overlay-color":"","overlay-gradient":""},"mobile":{"background-color":"","background-image":"","background-repeat":"repeat","background-position":"center center","background-size":"auto","background-attachment":"scroll","background-type":"","background-media":"","overlay-type":"","overlay-color":"","overlay-gradient":""}},"ast-content-background-meta":{"desktop":{"background-color":"var(--ast-global-color-5)","background-image":"","background-repeat":"repeat","background-position":"center center","background-size":"auto","background-attachment":"scroll","background-type":"","background-media":"","overlay-type":"","overlay-color":"","overlay-gradient":""},"tablet":{"background-color":"var(--ast-global-color-5)","background-image":"","background-repeat":"repeat","background-position":"center center","background-size":"auto","background-attachment":"scroll","background-type":"","background-media":"","overlay-type":"","overlay-color":"","overlay-gradient":""},"mobile":{"background-color":"var(--ast-global-color-5)","background-image":"","background-repeat":"repeat","background-position":"center center","background-size":"auto","background-attachment":"scroll","background-type":"","background-media":"","overlay-type":"","overlay-color":"","overlay-gradient":""}},"footnotes":""},"aioseo_notices":[],"_links":{"self":[{"href":"https:\/\/gwagsfoundation.org\/fr\/wp-json\/wp\/v2\/pages\/4087"}],"collection":[{"href":"https:\/\/gwagsfoundation.org\/fr\/wp-json\/wp\/v2\/pages"}],"about":[{"href":"https:\/\/gwagsfoundation.org\/fr\/wp-json\/wp\/v2\/types\/page"}],"author":[{"embeddable":true,"href":"https:\/\/gwagsfoundation.org\/fr\/wp-json\/wp\/v2\/users\/1"}],"replies":[{"embeddable":true,"href":"https:\/\/gwagsfoundation.org\/fr\/wp-json\/wp\/v2\/comments?post=4087"}],"version-history":[{"count":51,"href":"https:\/\/gwagsfoundation.org\/fr\/wp-json\/wp\/v2\/pages\/4087\/revisions"}],"predecessor-version":[{"id":8879,"href":"https:\/\/gwagsfoundation.org\/fr\/wp-json\/wp\/v2\/pages\/4087\/revisions\/8879"}],"wp:attachment":[{"href":"https:\/\/gwagsfoundation.org\/fr\/wp-json\/wp\/v2\/media?parent=4087"}],"curies":[{"name":"wp","href":"https:\/\/api.w.org\/{rel}","templated":true}]}}