{"id":4295,"date":"2024-05-07T09:18:07","date_gmt":"2024-05-07T09:18:07","guid":{"rendered":"https:\/\/gwagsfoundation.org\/?page_id=4295"},"modified":"2026-01-23T02:15:34","modified_gmt":"2026-01-23T02:15:34","slug":"comprehensive-support-through-donations","status":"publish","type":"page","link":"https:\/\/gwagsfoundation.org\/fr\/comprehensive-support-through-donations\/","title":{"rendered":"Soutien Gr\u00e2ce aux Dons"},"content":{"rendered":"<div data-elementor-type=\"wp-page\" data-elementor-id=\"4295\" class=\"elementor elementor-4295\">\n\t\t\t\t<div class=\"elementor-element elementor-element-96e56a9 e-con-full e-flex e-con e-parent\" data-id=\"96e56a9\" data-element_type=\"container\" data-settings=\"{&quot;background_background&quot;:&quot;gradient&quot;}\">\n\t\t<div class=\"elementor-element elementor-element-0c14b12 e-grid e-con-full e-con e-child\" data-id=\"0c14b12\" data-element_type=\"container\">\n\t\t\t\t<div class=\"elementor-element elementor-element-b2bc843 elementor-widget__width-initial elementor-widget-mobile__width-initial elementor-widget elementor-widget-text-editor\" data-id=\"b2bc843\" data-element_type=\"widget\" data-widget_type=\"text-editor.default\">\n\t\t\t\t<div class=\"elementor-widget-container\">\n\t\t\t<style>\/*! elementor - v3.21.0 - 08-05-2024 *\/\n.elementor-widget-text-editor.elementor-drop-cap-view-stacked .elementor-drop-cap{background-color:#69727d;color:#fff}.elementor-widget-text-editor.elementor-drop-cap-view-framed .elementor-drop-cap{color:#69727d;border:3px solid;background-color:transparent}.elementor-widget-text-editor:not(.elementor-drop-cap-view-default) .elementor-drop-cap{margin-top:8px}.elementor-widget-text-editor:not(.elementor-drop-cap-view-default) .elementor-drop-cap-letter{width:1em;height:1em}.elementor-widget-text-editor .elementor-drop-cap{float:left;text-align:center;line-height:1;font-size:50px}.elementor-widget-text-editor .elementor-drop-cap-letter{display:inline-block}<\/style>\t\t\t\t<p>Soutien Gr\u00e2ce <br \/>aux Dons<\/p>\t\t\t\t\t\t<\/div>\n\t\t\t\t<\/div>\n\t\t\t\t<div class=\"elementor-element elementor-element-23ed7ba elementor-widget__width-initial elementor-widget-tablet__width-initial elementor-hidden-mobile elementor-widget elementor-widget-text-editor\" data-id=\"23ed7ba\" data-element_type=\"widget\" data-widget_type=\"text-editor.default\">\n\t\t\t\t<div class=\"elementor-widget-container\">\n\t\t\t\t\t\t\t<p>Notre objectif<\/p><p>Offrir un soutien concret qui r\u00e9pond aux besoins imm\u00e9diats, tout en donnant aux enfants et jeunes des communaut\u00e9s d\u00e9favoris\u00e9es la stabilit\u00e9 et les ressources n\u00e9cessaires \u00e0 une progression durable.<\/p>\t\t\t\t\t\t<\/div>\n\t\t\t\t<\/div>\n\t\t\t\t<\/div>\n\t\t\t\t<div class=\"elementor-element elementor-element-8bb408f elementor-widget elementor-widget-image\" data-id=\"8bb408f\" data-element_type=\"widget\" data-widget_type=\"image.default\">\n\t\t\t\t<div class=\"elementor-widget-container\">\n\t\t\t<style>\/*! elementor - v3.21.0 - 08-05-2024 *\/\n.elementor-widget-image{text-align:center}.elementor-widget-image a{display:inline-block}.elementor-widget-image a img[src$=\".svg\"]{width:48px}.elementor-widget-image img{vertical-align:middle;display:inline-block}<\/style>\t\t\t\t\t\t\t\t\t\t<img fetchpriority=\"high\" decoding=\"async\" width=\"1024\" height=\"678\" src=\"https:\/\/gwagsfoundation.org\/wp-content\/uploads\/2024\/05\/DSC_1203-1024x678.jpg\" class=\"attachment-large size-large wp-image-5112\" alt=\"\" srcset=\"https:\/\/gwagsfoundation.org\/wp-content\/uploads\/2024\/05\/DSC_1203-1024x678.jpg 1024w, https:\/\/gwagsfoundation.org\/wp-content\/uploads\/2024\/05\/DSC_1203-300x199.jpg 300w, https:\/\/gwagsfoundation.org\/wp-content\/uploads\/2024\/05\/DSC_1203-768x509.jpg 768w, https:\/\/gwagsfoundation.org\/wp-content\/uploads\/2024\/05\/DSC_1203-1536x1017.jpg 1536w, https:\/\/gwagsfoundation.org\/wp-content\/uploads\/2024\/05\/DSC_1203-2048x1356.jpg 2048w\" sizes=\"(max-width: 1024px) 100vw, 1024px\" \/>\t\t\t\t\t\t\t\t\t\t\t\t\t<\/div>\n\t\t\t\t<\/div>\n\t\t\t\t<\/div>\n\t\t<div class=\"elementor-element elementor-element-c6640fe e-flex e-con-boxed e-con e-parent\" data-id=\"c6640fe\" data-element_type=\"container\">\n\t\t\t\t\t<div class=\"e-con-inner\">\n\t\t<div class=\"elementor-element elementor-element-116079e e-con-full e-flex e-con e-child\" data-id=\"116079e\" data-element_type=\"container\">\n\t\t\t\t<div class=\"elementor-element elementor-element-916d55d elementor-widget elementor-widget-heading\" data-id=\"916d55d\" data-element_type=\"widget\" data-widget_type=\"heading.default\">\n\t\t\t\t<div class=\"elementor-widget-container\">\n\t\t\t<style>\/*! elementor - v3.21.0 - 08-05-2024 *\/\n.elementor-heading-title{padding:0;margin:0;line-height:1}.elementor-widget-heading .elementor-heading-title[class*=elementor-size-]>a{color:inherit;font-size:inherit;line-height:inherit}.elementor-widget-heading .elementor-heading-title.elementor-size-small{font-size:15px}.elementor-widget-heading .elementor-heading-title.elementor-size-medium{font-size:19px}.elementor-widget-heading .elementor-heading-title.elementor-size-large{font-size:29px}.elementor-widget-heading .elementor-heading-title.elementor-size-xl{font-size:39px}.elementor-widget-heading .elementor-heading-title.elementor-size-xxl{font-size:59px}<\/style><h2 class=\"elementor-heading-title elementor-size-default\">Aper\u00e7u<\/h2>\t\t<\/div>\n\t\t\t\t<\/div>\n\t\t\t\t<\/div>\n\t\t<div class=\"elementor-element elementor-element-54b505b e-con-full e-flex e-con e-child\" data-id=\"54b505b\" data-element_type=\"container\">\n\t\t\t\t<div class=\"elementor-element elementor-element-cb68672 elementor-widget elementor-widget-text-editor\" data-id=\"cb68672\" data-element_type=\"widget\" data-widget_type=\"text-editor.default\">\n\t\t\t\t<div class=\"elementor-widget-container\">\n\t\t\t\t\t\t\t<p>Dans le cadre de notre programme de dons et de soutien communautaire, nous mettons en place des collectes et assurons une distribution efficace des dons, afin qu\u2019ils parviennent directement aux enfants et aux jeunes, gr\u00e2ce \u00e0 une coordination claire.<\/p>\t\t\t\t\t\t<\/div>\n\t\t\t\t<\/div>\n\t\t\t\t<div class=\"elementor-element elementor-element-15102c1 elementor-widget elementor-widget-text-editor\" data-id=\"15102c1\" data-element_type=\"widget\" data-widget_type=\"text-editor.default\">\n\t\t\t\t<div class=\"elementor-widget-container\">\n\t\t\t\t\t\t\t<ul><li data-start=\"184\" data-end=\"278\"><p data-start=\"186\" data-end=\"278\">Des points de d\u00e9p\u00f4t et des horaires de collecte annonc\u00e9s \u00e0 l\u2019avance, afin d\u2019assurer une collecte de dons structur\u00e9e et accessible.<\/p><\/li><li data-start=\"280\" data-end=\"407\"><p data-start=\"282\" data-end=\"407\">Des collectes organis\u00e9es en fonction des principaux besoins des enfants et des jeunes dans les communaut\u00e9s d\u00e9favoris\u00e9es.<\/p><\/li><li data-start=\"409\" data-end=\"522\"><p data-start=\"411\" data-end=\"522\">Un tri rigoureux des dons et une distribution organis\u00e9e, avec l\u2019appui de partenaires locaux, pour que l\u2019aide parvienne aux enfants et aux jeunes dans le besoin.<\/p><\/li><li data-start=\"524\" data-end=\"628\" data-is-last-node=\"\"><p data-start=\"526\" data-end=\"628\" data-is-last-node=\"\">Un mod\u00e8le de soutien r\u00e9gulier qui privil\u00e9gie la fiabilit\u00e9 et l\u2019impact \u00e0 long terme, plut\u00f4t que des interventions occasionnelles.<\/p><\/li><\/ul>\t\t\t\t\t\t<\/div>\n\t\t\t\t<\/div>\n\t\t\t\t<\/div>\n\t\t\t\t\t<\/div>\n\t\t\t\t<\/div>\n\t\t<div class=\"elementor-element elementor-element-bffdaba e-flex e-con-boxed e-con e-parent\" data-id=\"bffdaba\" data-element_type=\"container\">\n\t\t\t\t\t<div class=\"e-con-inner\">\n\t\t\t\t<div class=\"elementor-element elementor-element-3200d17 elementor-widget-divider--view-line elementor-widget elementor-widget-divider\" data-id=\"3200d17\" data-element_type=\"widget\" data-widget_type=\"divider.default\">\n\t\t\t\t<div class=\"elementor-widget-container\">\n\t\t\t<style>\/*! elementor - v3.21.0 - 08-05-2024 *\/\n.elementor-widget-divider{--divider-border-style:none;--divider-border-width:1px;--divider-color:#0c0d0e;--divider-icon-size:20px;--divider-element-spacing:10px;--divider-pattern-height:24px;--divider-pattern-size:20px;--divider-pattern-url:none;--divider-pattern-repeat:repeat-x}.elementor-widget-divider .elementor-divider{display:flex}.elementor-widget-divider .elementor-divider__text{font-size:15px;line-height:1;max-width:95%}.elementor-widget-divider .elementor-divider__element{margin:0 var(--divider-element-spacing);flex-shrink:0}.elementor-widget-divider .elementor-icon{font-size:var(--divider-icon-size)}.elementor-widget-divider .elementor-divider-separator{display:flex;margin:0;direction:ltr}.elementor-widget-divider--view-line_icon .elementor-divider-separator,.elementor-widget-divider--view-line_text .elementor-divider-separator{align-items:center}.elementor-widget-divider--view-line_icon .elementor-divider-separator:after,.elementor-widget-divider--view-line_icon .elementor-divider-separator:before,.elementor-widget-divider--view-line_text .elementor-divider-separator:after,.elementor-widget-divider--view-line_text .elementor-divider-separator:before{display:block;content:\"\";border-block-end:0;flex-grow:1;border-block-start:var(--divider-border-width) var(--divider-border-style) var(--divider-color)}.elementor-widget-divider--element-align-left .elementor-divider .elementor-divider-separator>.elementor-divider__svg:first-of-type{flex-grow:0;flex-shrink:100}.elementor-widget-divider--element-align-left .elementor-divider-separator:before{content:none}.elementor-widget-divider--element-align-left .elementor-divider__element{margin-left:0}.elementor-widget-divider--element-align-right .elementor-divider .elementor-divider-separator>.elementor-divider__svg:last-of-type{flex-grow:0;flex-shrink:100}.elementor-widget-divider--element-align-right .elementor-divider-separator:after{content:none}.elementor-widget-divider--element-align-right .elementor-divider__element{margin-right:0}.elementor-widget-divider--element-align-start .elementor-divider .elementor-divider-separator>.elementor-divider__svg:first-of-type{flex-grow:0;flex-shrink:100}.elementor-widget-divider--element-align-start .elementor-divider-separator:before{content:none}.elementor-widget-divider--element-align-start .elementor-divider__element{margin-inline-start:0}.elementor-widget-divider--element-align-end .elementor-divider .elementor-divider-separator>.elementor-divider__svg:last-of-type{flex-grow:0;flex-shrink:100}.elementor-widget-divider--element-align-end .elementor-divider-separator:after{content:none}.elementor-widget-divider--element-align-end .elementor-divider__element{margin-inline-end:0}.elementor-widget-divider:not(.elementor-widget-divider--view-line_text):not(.elementor-widget-divider--view-line_icon) .elementor-divider-separator{border-block-start:var(--divider-border-width) var(--divider-border-style) var(--divider-color)}.elementor-widget-divider--separator-type-pattern{--divider-border-style:none}.elementor-widget-divider--separator-type-pattern.elementor-widget-divider--view-line .elementor-divider-separator,.elementor-widget-divider--separator-type-pattern:not(.elementor-widget-divider--view-line) .elementor-divider-separator:after,.elementor-widget-divider--separator-type-pattern:not(.elementor-widget-divider--view-line) .elementor-divider-separator:before,.elementor-widget-divider--separator-type-pattern:not([class*=elementor-widget-divider--view]) .elementor-divider-separator{width:100%;min-height:var(--divider-pattern-height);-webkit-mask-size:var(--divider-pattern-size) 100%;mask-size:var(--divider-pattern-size) 100%;-webkit-mask-repeat:var(--divider-pattern-repeat);mask-repeat:var(--divider-pattern-repeat);background-color:var(--divider-color);-webkit-mask-image:var(--divider-pattern-url);mask-image:var(--divider-pattern-url)}.elementor-widget-divider--no-spacing{--divider-pattern-size:auto}.elementor-widget-divider--bg-round{--divider-pattern-repeat:round}.rtl .elementor-widget-divider .elementor-divider__text{direction:rtl}.e-con-inner>.elementor-widget-divider,.e-con>.elementor-widget-divider{width:var(--container-widget-width,100%);--flex-grow:var(--container-widget-flex-grow)}<\/style>\t\t<div class=\"elementor-divider\">\n\t\t\t<span class=\"elementor-divider-separator\">\n\t\t\t\t\t\t<\/span>\n\t\t<\/div>\n\t\t\t\t<\/div>\n\t\t\t\t<\/div>\n\t\t\t\t\t<\/div>\n\t\t\t\t<\/div>\n\t\t<div class=\"elementor-element elementor-element-dfcb53f e-flex e-con-boxed e-con e-parent\" data-id=\"dfcb53f\" data-element_type=\"container\">\n\t\t\t\t\t<div class=\"e-con-inner\">\n\t\t<div class=\"elementor-element elementor-element-33f5ae5 e-con-full e-flex e-con e-child\" data-id=\"33f5ae5\" data-element_type=\"container\">\n\t\t\t\t<div class=\"elementor-element elementor-element-ac3e227 elementor-widget elementor-widget-heading\" data-id=\"ac3e227\" data-element_type=\"widget\" data-widget_type=\"heading.default\">\n\t\t\t\t<div class=\"elementor-widget-container\">\n\t\t\t<h2 class=\"elementor-heading-title elementor-size-default\">Notre Strat\u00e9gie<\/h2>\t\t<\/div>\n\t\t\t\t<\/div>\n\t\t\t\t<\/div>\n\t\t<div class=\"elementor-element elementor-element-5fc4b7e e-con-full e-flex e-con e-child\" data-id=\"5fc4b7e\" data-element_type=\"container\">\n\t\t\t\t<div class=\"elementor-element elementor-element-869f209 elementor-widget elementor-widget-text-editor\" data-id=\"869f209\" data-element_type=\"widget\" data-widget_type=\"text-editor.default\">\n\t\t\t\t<div class=\"elementor-widget-container\">\n\t\t\t\t\t\t\t<p data-start=\"0\" data-end=\"346\">Avant chaque collecte de dons ou action de soutien communautaire, nous communiquons des lieux de d\u00e9p\u00f4t et des horaires de collecte clairement d\u00e9finis, afin que les donateurs sachent o\u00f9 et quand apporter leurs dons. Ces informations sont partag\u00e9es \u00e0 l\u2019avance, et la logistique est coordonn\u00e9e pour garantir une r\u00e9ception s\u00e9curis\u00e9e des dons, un tri efficace et une pr\u00e9paration ordonn\u00e9e en vue de la distribution.<\/p><p data-start=\"348\" data-end=\"721\">Nous utilisons notre site web et nos r\u00e9seaux sociaux pour assurer une communication claire tout au long  de nos initiatives de soutien communautaire. Nous y pr\u00e9cisons les besoins des enfants et des jeunes que nous souhaitons soutenir, annon\u00e7ons les dates et les lieux de collecte, et donnons des indications simples sur les dons attendus et la mani\u00e8re de participer. Apr\u00e8s chaque action, nous partageons un bilan indiquant ce qui a \u00e9t\u00e9 collect\u00e9 et comment l\u2019aide a \u00e9t\u00e9 distribu\u00e9e.<\/p><p data-start=\"723\" data-end=\"1067\" data-is-last-node=\"\" data-is-only-node=\"\">Une fois les dons re\u00e7us, nous travaillons avec nos partenaires locaux pour organiser la distribution de l\u2019aide aux enfants et aux jeunes, de mani\u00e8re structur\u00e9e et cibl\u00e9e. Nous privil\u00e9gions l\u2019\u00e9quit\u00e9, la transparence et la coh\u00e9rence en tenant un suivi clair des dons re\u00e7us, en r\u00e9partissant l\u2019aide selon les besoins, en tirant les le\u00e7ons de chaque collecte pour am\u00e9liorer la suivante.<\/p>\t\t\t\t\t\t<\/div>\n\t\t\t\t<\/div>\n\t\t\t\t<\/div>\n\t\t\t\t\t<\/div>\n\t\t\t\t<\/div>\n\t\t<div class=\"elementor-element elementor-element-8d9125b e-flex e-con-boxed e-con e-parent\" data-id=\"8d9125b\" data-element_type=\"container\">\n\t\t\t\t\t<div class=\"e-con-inner\">\n\t\t\t\t<div class=\"elementor-element elementor-element-00d8043 elementor-widget-divider--view-line elementor-widget elementor-widget-divider\" data-id=\"00d8043\" data-element_type=\"widget\" data-widget_type=\"divider.default\">\n\t\t\t\t<div class=\"elementor-widget-container\">\n\t\t\t\t\t<div class=\"elementor-divider\">\n\t\t\t<span class=\"elementor-divider-separator\">\n\t\t\t\t\t\t<\/span>\n\t\t<\/div>\n\t\t\t\t<\/div>\n\t\t\t\t<\/div>\n\t\t\t\t\t<\/div>\n\t\t\t\t<\/div>\n\t\t<div class=\"elementor-element elementor-element-f9b683b e-flex e-con-boxed e-con e-parent\" data-id=\"f9b683b\" data-element_type=\"container\">\n\t\t\t\t\t<div class=\"e-con-inner\">\n\t\t<div class=\"elementor-element elementor-element-b0cbdbe e-con-full e-flex e-con e-child\" data-id=\"b0cbdbe\" data-element_type=\"container\">\n\t\t\t\t<div class=\"elementor-element elementor-element-6dbfe66 elementor-widget elementor-widget-heading\" data-id=\"6dbfe66\" data-element_type=\"widget\" data-widget_type=\"heading.default\">\n\t\t\t\t<div class=\"elementor-widget-container\">\n\t\t\t<h2 class=\"elementor-heading-title elementor-size-default\">Pourquoi Nous Mettons L\u2019accent sur Le Soutien Gr\u00e2ce aux Dons<\/h2>\t\t<\/div>\n\t\t\t\t<\/div>\n\t\t\t\t<\/div>\n\t\t<div class=\"elementor-element elementor-element-d555c5b e-con-full e-flex e-con e-child\" data-id=\"d555c5b\" data-element_type=\"container\">\n\t\t\t\t<div class=\"elementor-element elementor-element-b04f94a elementor-widget elementor-widget-text-editor\" data-id=\"b04f94a\" data-element_type=\"widget\" data-widget_type=\"text-editor.default\">\n\t\t\t\t<div class=\"elementor-widget-container\">\n\t\t\t\t\t\t\t<p data-start=\"0\" data-end=\"557\">Dans les communaut\u00e9s d\u00e9favoris\u00e9es, de petites insuffisances se transforment vite en obstacles majeurs pour les enfants et les jeunes. Lorsque l\u2019acc\u00e8s \u00e0 l\u2019alimentation et \u00e0 une eau potable s\u00fbre est limit\u00e9, leurs vuln\u00e9rabilit\u00e9 augmente et les maladies \u00e9vitables deviennent plus fr\u00e9quentes. Lorsque les fournitures scolaires font d\u00e9faut, ils prennent du retard, puis finissent parfois par se d\u00e9tacher de l\u2019\u00e9cole. Ce ne sont pas des probl\u00e8mes abstraits. Ce sont des r\u00e9alit\u00e9s quotidiennes qui d\u00e9terminent si un enfant ou un jeune peut continuer \u00e0 apprendre, grandir et se projeter dans l\u2019avenir.<\/p><p data-start=\"559\" data-end=\"1130\">Les dons permettent \u00e0 la Fondation Gwags de r\u00e9pondre \u00e0 ces r\u00e9alit\u00e9s de mani\u00e8re r\u00e9active, coh\u00e9rente et transparente. Le soutien mat\u00e9riel nous permet de r\u00e9pondre aux besoins imm\u00e9diats des enfants et des jeunes que nous accompagnons. Les dons financiers offrent la flexibilit\u00e9 n\u00e9cessaire pour combler les besoins au fur et \u00e0 mesure, renforcer les programmes en cours et maintenir les actions de soutien communautaire planifi\u00e9es.<\/p><p>Chaque contribution renforce leur bien-\u00eatre aujourd\u2019hui tout en \u00e9largissant leurs opportunit\u00e9s pour demain. Votre soutien permet aux enfants et aux jeunes de rester en bonne sant\u00e9, de rester engag\u00e9s dans l\u2019apprentissage et d\u2019acc\u00e9der \u00e0 des programmes qui d\u00e9veloppent la confiance, les comp\u00e9tences et l\u2019orientation. Ces contributions soutiennent \u00e9galement notre travail de long terme en faveur de l\u2019acc\u00e8s \u00e0 l\u2019\u00e9ducation, du d\u00e9veloppement des jeunes et de l\u2019accompagnement des enfants et des jeunes en difficult\u00e9.\u00a0<\/p>\t\t\t\t\t\t<\/div>\n\t\t\t\t<\/div>\n\t\t\t\t<\/div>\n\t\t\t\t\t<\/div>\n\t\t\t\t<\/div>\n\t\t<div class=\"elementor-element elementor-element-2dba373 e-flex e-con-boxed e-con e-parent\" data-id=\"2dba373\" data-element_type=\"container\">\n\t\t\t\t\t<div class=\"e-con-inner\">\n\t\t\t\t<div class=\"elementor-element elementor-element-23d299b elementor-widget-divider--view-line elementor-widget elementor-widget-divider\" data-id=\"23d299b\" data-element_type=\"widget\" data-widget_type=\"divider.default\">\n\t\t\t\t<div class=\"elementor-widget-container\">\n\t\t\t\t\t<div class=\"elementor-divider\">\n\t\t\t<span class=\"elementor-divider-separator\">\n\t\t\t\t\t\t<\/span>\n\t\t<\/div>\n\t\t\t\t<\/div>\n\t\t\t\t<\/div>\n\t\t\t\t\t<\/div>\n\t\t\t\t<\/div>\n\t\t<div class=\"elementor-element elementor-element-b50094e e-flex e-con-boxed e-con e-parent\" data-id=\"b50094e\" data-element_type=\"container\">\n\t\t\t\t\t<div class=\"e-con-inner\">\n\t\t\t\t<div class=\"elementor-element elementor-element-04f2b21 elementor-widget elementor-widget-heading\" data-id=\"04f2b21\" data-element_type=\"widget\" data-widget_type=\"heading.default\">\n\t\t\t\t<div class=\"elementor-widget-container\">\n\t\t\t<h2 class=\"elementor-heading-title elementor-size-default\">En images<\/h2>\t\t<\/div>\n\t\t\t\t<\/div>\n\t\t\t\t\t<\/div>\n\t\t\t\t<\/div>\n\t\t<div class=\"elementor-element elementor-element-b18659f e-flex e-con-boxed e-con e-parent\" data-id=\"b18659f\" data-element_type=\"container\">\n\t\t\t\t\t<div class=\"e-con-inner\">\n\t\t<div class=\"elementor-element elementor-element-b8db830 e-con-full e-flex e-con e-child\" data-id=\"b8db830\" data-element_type=\"container\">\n\t\t\t\t<div class=\"elementor-element elementor-element-3c97700 elementor-widget elementor-widget-image\" data-id=\"3c97700\" data-element_type=\"widget\" data-widget_type=\"image.default\">\n\t\t\t\t<div class=\"elementor-widget-container\">\n\t\t\t\t\t\t\t\t\t\t\t\t\t<img decoding=\"async\" width=\"1024\" height=\"678\" src=\"https:\/\/gwagsfoundation.org\/wp-content\/uploads\/2026\/01\/DSC_1153-1024x678.jpg\" class=\"attachment-large size-large wp-image-8606\" alt=\"\" srcset=\"https:\/\/gwagsfoundation.org\/wp-content\/uploads\/2026\/01\/DSC_1153-1024x678.jpg 1024w, https:\/\/gwagsfoundation.org\/wp-content\/uploads\/2026\/01\/DSC_1153-300x199.jpg 300w, https:\/\/gwagsfoundation.org\/wp-content\/uploads\/2026\/01\/DSC_1153-768x509.jpg 768w, https:\/\/gwagsfoundation.org\/wp-content\/uploads\/2026\/01\/DSC_1153-1536x1017.jpg 1536w, https:\/\/gwagsfoundation.org\/wp-content\/uploads\/2026\/01\/DSC_1153-2048x1356.jpg 2048w, https:\/\/gwagsfoundation.org\/wp-content\/uploads\/2026\/01\/DSC_1153-18x12.jpg 18w\" sizes=\"(max-width: 1024px) 100vw, 1024px\" \/>\t\t\t\t\t\t\t\t\t\t\t\t\t<\/div>\n\t\t\t\t<\/div>\n\t\t\t\t<\/div>\n\t\t<div class=\"elementor-element elementor-element-08ea140 e-con-full e-flex e-con e-child\" data-id=\"08ea140\" data-element_type=\"container\">\n\t\t\t\t<div class=\"elementor-element elementor-element-a51592f elementor-widget elementor-widget-image\" data-id=\"a51592f\" data-element_type=\"widget\" data-widget_type=\"image.default\">\n\t\t\t\t<div class=\"elementor-widget-container\">\n\t\t\t\t\t\t\t\t\t\t\t\t\t<img decoding=\"async\" width=\"1024\" height=\"760\" src=\"https:\/\/gwagsfoundation.org\/wp-content\/uploads\/2024\/05\/IMG_4448-1024x760.jpg\" class=\"attachment-large size-large wp-image-5190\" alt=\"\" srcset=\"https:\/\/gwagsfoundation.org\/wp-content\/uploads\/2024\/05\/IMG_4448-1024x760.jpg 1024w, https:\/\/gwagsfoundation.org\/wp-content\/uploads\/2024\/05\/IMG_4448-300x223.jpg 300w, https:\/\/gwagsfoundation.org\/wp-content\/uploads\/2024\/05\/IMG_4448-768x570.jpg 768w, https:\/\/gwagsfoundation.org\/wp-content\/uploads\/2024\/05\/IMG_4448.jpg 1179w\" sizes=\"(max-width: 1024px) 100vw, 1024px\" \/>\t\t\t\t\t\t\t\t\t\t\t\t\t<\/div>\n\t\t\t\t<\/div>\n\t\t\t\t<\/div>\n\t\t\t\t\t<\/div>\n\t\t\t\t<\/div>\n\t\t\t\t<\/div>","protected":false},"excerpt":{"rendered":"<p>Support Through Donations Our goal To deliver practical support that meets immediate needs while helping under-resourced children and youth build the stability and capability required for long-term progress. At a Glance Our donation and community support work is structured to turn community generosity into organized collection drives and efficient distribution of donated items directly to [&hellip;]<\/p>","protected":false},"author":1,"featured_media":0,"parent":0,"menu_order":0,"comment_status":"closed","ping_status":"closed","template":"","meta":{"_monsterinsights_skip_tracking":false,"_monsterinsights_sitenote_active":false,"_monsterinsights_sitenote_note":"","_monsterinsights_sitenote_category":0,"site-sidebar-layout":"no-sidebar","site-content-layout":"page-builder","ast-site-content-layout":"full-width-container","site-content-style":"default","site-sidebar-style":"default","ast-global-header-display":"","ast-banner-title-visibility":"","ast-main-header-display":"","ast-hfb-above-header-display":"","ast-hfb-below-header-display":"","ast-hfb-mobile-header-display":"","site-post-title":"disabled","ast-breadcrumbs-content":"","ast-featured-img":"disabled","footer-sml-layout":"","theme-transparent-header-meta":"","adv-header-id-meta":"","stick-header-meta":"","header-above-stick-meta":"","header-main-stick-meta":"","header-below-stick-meta":"","astra-migrate-meta-layouts":"set","ast-page-background-enabled":"default","ast-page-background-meta":{"desktop":{"background-color":"","background-image":"","background-repeat":"repeat","background-position":"center center","background-size":"auto","background-attachment":"scroll","background-type":"","background-media":"","overlay-type":"","overlay-color":"","overlay-gradient":""},"tablet":{"background-color":"","background-image":"","background-repeat":"repeat","background-position":"center center","background-size":"auto","background-attachment":"scroll","background-type":"","background-media":"","overlay-type":"","overlay-color":"","overlay-gradient":""},"mobile":{"background-color":"","background-image":"","background-repeat":"repeat","background-position":"center center","background-size":"auto","background-attachment":"scroll","background-type":"","background-media":"","overlay-type":"","overlay-color":"","overlay-gradient":""}},"ast-content-background-meta":{"desktop":{"background-color":"var(--ast-global-color-5)","background-image":"","background-repeat":"repeat","background-position":"center center","background-size":"auto","background-attachment":"scroll","background-type":"","background-media":"","overlay-type":"","overlay-color":"","overlay-gradient":""},"tablet":{"background-color":"var(--ast-global-color-5)","background-image":"","background-repeat":"repeat","background-position":"center center","background-size":"auto","background-attachment":"scroll","background-type":"","background-media":"","overlay-type":"","overlay-color":"","overlay-gradient":""},"mobile":{"background-color":"var(--ast-global-color-5)","background-image":"","background-repeat":"repeat","background-position":"center center","background-size":"auto","background-attachment":"scroll","background-type":"","background-media":"","overlay-type":"","overlay-color":"","overlay-gradient":""}},"footnotes":""},"aioseo_notices":[],"_links":{"self":[{"href":"https:\/\/gwagsfoundation.org\/fr\/wp-json\/wp\/v2\/pages\/4295"}],"collection":[{"href":"https:\/\/gwagsfoundation.org\/fr\/wp-json\/wp\/v2\/pages"}],"about":[{"href":"https:\/\/gwagsfoundation.org\/fr\/wp-json\/wp\/v2\/types\/page"}],"author":[{"embeddable":true,"href":"https:\/\/gwagsfoundation.org\/fr\/wp-json\/wp\/v2\/users\/1"}],"replies":[{"embeddable":true,"href":"https:\/\/gwagsfoundation.org\/fr\/wp-json\/wp\/v2\/comments?post=4295"}],"version-history":[{"count":144,"href":"https:\/\/gwagsfoundation.org\/fr\/wp-json\/wp\/v2\/pages\/4295\/revisions"}],"predecessor-version":[{"id":9030,"href":"https:\/\/gwagsfoundation.org\/fr\/wp-json\/wp\/v2\/pages\/4295\/revisions\/9030"}],"wp:attachment":[{"href":"https:\/\/gwagsfoundation.org\/fr\/wp-json\/wp\/v2\/media?parent=4295"}],"curies":[{"name":"wp","href":"https:\/\/api.w.org\/{rel}","templated":true}]}}